{"id":3,"date":"2023-09-27T01:04:34","date_gmt":"2023-09-27T01:04:34","guid":{"rendered":"http:\/\/latpgadvisors.com\/?page_id=3"},"modified":"2025-01-09T22:08:43","modified_gmt":"2025-01-09T22:08:43","slug":"politica-privacidad","status":"publish","type":"page","link":"https:\/\/latpgadvisors.com\/index.php\/politica-privacidad\/","title":{"rendered":"Pol\u00edtica de privacidad"},"content":{"rendered":"\t\t<div data-elementor-type=\"wp-page\" data-elementor-id=\"3\" class=\"elementor elementor-3\">\n\t\t\t\t\t\t\t<div class=\"elementor-element elementor-element-73c365ce e-flex e-con-boxed e-con e-parent\" data-id=\"73c365ce\" data-element_type=\"container\" data-settings=\"{&quot;background_background&quot;:&quot;classic&quot;,&quot;content_width&quot;:&quot;boxed&quot;}\" data-core-v316-plus=\"true\">\n\t\t\t\t\t<div class=\"e-con-inner\">\n\t\t\t\t<div class=\"elementor-element elementor-element-428cd52d elementor-widget elementor-widget-text-editor\" data-id=\"428cd52d\" data-element_type=\"widget\" data-widget_type=\"text-editor.default\">\n\t\t\t\t<div class=\"elementor-widget-container\">\n\t\t\t<style>\/*! elementor - v3.16.0 - 20-09-2023 *\/\n.elementor-widget-text-editor.elementor-drop-cap-view-stacked .elementor-drop-cap{background-color:#69727d;color:#fff}.elementor-widget-text-editor.elementor-drop-cap-view-framed .elementor-drop-cap{color:#69727d;border:3px solid;background-color:transparent}.elementor-widget-text-editor:not(.elementor-drop-cap-view-default) .elementor-drop-cap{margin-top:8px}.elementor-widget-text-editor:not(.elementor-drop-cap-view-default) .elementor-drop-cap-letter{width:1em;height:1em}.elementor-widget-text-editor .elementor-drop-cap{float:left;text-align:center;line-height:1;font-size:50px}.elementor-widget-text-editor .elementor-drop-cap-letter{display:inline-block}<\/style>\t\t\t\t<div id=\"aviso-de-privacidad\" class=\"wp-block-stackable-heading stk-block-heading stk-block-heading--v2 stk-block stk-4823df1\" data-block-id=\"4823df1\">\n<h1 class=\"stk-block-heading__text has-text-color has-text-align-left\">Aviso de Privacidad<\/h1>\n<\/div>\n<div class=\"wp-block-stackable-text stk-block-text stk-block stk-9e3d76d\" data-block-id=\"9e3d76d\">\n<p class=\"stk-block-text__text has-text-color has-text-align-justify\">LATPG, S.C. es una firma con un portal de internet www.latpg.latpgadvisors.com, por lo cual nos comprometemos a ser responsables del uso y protecci\u00f3n de sus datos personales que se refieren en este aviso de privacidad, los cuales ser\u00e1n protegidos en cumplimiento a la legislaci\u00f3n aplicable y al respecto le informamos lo siguiente:<\/p>\n<p>\u00a0<\/p>\n<\/div>\n<div class=\"wp-block-stackable-text stk-block-text stk-block stk-2c61b8f\" data-block-id=\"2c61b8f\">\n<p class=\"stk-block-text__text has-text-color\"><strong>\u00bfPara qu\u00e9 fines utilizaremos sus datos personales?<\/strong><\/p>\n<\/div>\n<div class=\"wp-block-stackable-text stk-block-text stk-block stk-d87fd27\" data-block-id=\"d87fd27\">\n<p>\u00a0<\/p>\n<p class=\"stk-block-text__text has-text-color has-text-align-justify\">Los datos personales que recabamos de usted, los utilizaremos para las siguientes finalidades que son necesarias para el servicio que solicita:<\/p>\n<\/div>\n<div class=\"wp-block-stackable-icon-list stk-block-icon-list stk-block stk-3613f75\" data-block-id=\"3613f75\">\n<ul class=\"stk-block-icon-list__ul stk-block-icon-list--column\">\n<li class=\"wp-block-stackable-icon-list-item stk-block-icon-list-item stk-block stk-0390fc0\" data-block-id=\"0390fc0\">\n<div class=\"stk-block-icon-list-item__content\">\n<div class=\"stk--inner-svg\">Respuesta a mensajes del formulario de contacto.<\/div>\n<\/div>\n<\/li>\n<\/ul>\n<\/div>\n<div class=\"wp-block-stackable-icon-list stk-block-icon-list stk-block stk-43ae7b0\" data-block-id=\"43ae7b0\">\n<div class=\"stk-block-icon-list-item__content\">\n<ul>\n<li>Prestaci\u00f3n de cualquier servicio solicitado.<\/li>\n<\/ul>\n<\/div>\n<\/div>\n<div class=\"wp-block-stackable-text stk-block-text stk-block stk-1e2a522\" data-block-id=\"1e2a522\">\n<p>\u00a0<\/p>\n<p class=\"stk-block-text__text has-text-color\">Los datos solo se requieren para comunicarse con el cliente y poderle proporcionar una asesor\u00eda personalizada respecto al servicio profesional que desea adquirir.<\/p>\n<p>\u00a0<\/p>\n<\/div>\n<div class=\"wp-block-stackable-text stk-block-text stk-block stk-89eeb12\" data-block-id=\"89eeb12\">\n<p class=\"stk-block-text__text has-text-color\"><strong>\u00bfQu\u00e9 datos personales utilizaremos para estos fines?<\/strong><\/p>\n<p>\u00a0<\/p>\n<\/div>\n<div class=\"wp-block-stackable-text stk-block-text stk-block stk-cf0fbe7\" data-block-id=\"cf0fbe7\">\n<p class=\"stk-block-text__text has-text-color\">Para llevar a cabo las finalidades descritas en el presente aviso de privacidad, utilizaremos los siguientes datos personales:<\/p>\n<\/div>\n<div class=\"wp-block-stackable-icon-list stk-block-icon-list has-text-color stk-block stk-201018b\" data-block-id=\"201018b\">\n<ul class=\"stk-block-icon-list__ul stk-block-icon-list--column\">\n<li class=\"wp-block-stackable-icon-list-item stk-block-icon-list-item stk-block stk-16cf459\" data-block-id=\"16cf459\">\n<div class=\"stk-block-icon-list-item__content\">\n<div class=\"stk--inner-svg\">Datos de contacto e identificaci\u00f3n.<\/div>\n<\/div>\n<\/li>\n<\/ul>\n<\/div>\n<div class=\"wp-block-stackable-text stk-block-text stk-block stk-45f3a44\" data-block-id=\"45f3a44\">\n<p>\u00a0<\/p>\n<p class=\"stk-block-text__text has-text-color\">\u00bf<strong>Con qui\u00e9n compartimos tus datos<\/strong>?<\/p>\n<p>\u00a0<\/p>\n<\/div>\n<div class=\"wp-block-stackable-text stk-block-text stk-block stk-31bb2c9\" data-block-id=\"31bb2c9\">\n<p class=\"stk-block-text__text has-text-color\">LATPG, S.C no comparte su informaci\u00f3n con terceras personas sin su consentimiento, salvo en los casos en que la ley lo permita, el uso de estos datos es exclusivo para el personal de la firma.<\/p>\n<p>\u00a0<\/p>\n<\/div>\n<div class=\"wp-block-stackable-text stk-block-text stk-block stk-0599ba1\" data-block-id=\"0599ba1\">\n<p class=\"stk-block-text__text has-text-color\"><strong>\u00bfCu\u00e1nto tiempo conservamos tus datos?<\/strong><\/p>\n<\/div>\n<div class=\"wp-block-stackable-text stk-block-text stk-block stk-092628e\" data-block-id=\"092628e\">\n<p>\u00a0<\/p>\n<p class=\"stk-block-text__text has-text-color\">La firma conservar\u00e1 sus datos el tiempo que sea necesario para proporcionar el servicio profesional solicitado por el cliente, en el caso de que la legislaci\u00f3n as\u00ed lo requiera o por alguna controversia relacionada con sus datos personales. Una vez realizado lo anterior se eliminar\u00e1n inmediatamente y de manera segura.<\/p>\n<p>\u00a0<\/p>\n<\/div>\n<div class=\"wp-block-stackable-text stk-block-text stk-block stk-c744f2a\" data-block-id=\"c744f2a\">\n<p class=\"stk-block-text__text has-text-color has-text-align-justify\"><strong>\u00bfQu\u00e9 derechos tiene sobre sus datos personales y c\u00f3mo puede acceder, rectificar o cancelar, u oponerse a su uso o ejercer la revocaci\u00f3n de consentimiento?<\/strong><\/p>\n<p>\u00a0<\/p>\n<\/div>\n<div class=\"wp-block-stackable-text stk-block-text stk-block stk-e8dbbf2\" data-block-id=\"e8dbbf2\">\n<p class=\"stk-block-text__text has-text-color has-text-align-justify\">Usted tiene derecho a conocer qu\u00e9 datos personales tenemos de usted, para qu\u00e9 los utilizamos y las condiciones del uso que les damos (Acceso). Asimismo, es su derecho solicitar la correcci\u00f3n de su informaci\u00f3n personal en caso de que est\u00e9 desactualizada, sea inexacta o incompleta (Rectificaci\u00f3n); que la eliminemos de nuestros registros o bases de datos cuando considere que la misma no est\u00e1 siendo utilizada adecuadamente (Cancelaci\u00f3n); as\u00ed como oponerse al uso de sus datos personales para fines espec\u00edficos (Oposici\u00f3n). Estos derechos se conocen como derechos ARCO.<\/p>\n<p>\u00a0<\/p>\n<\/div>\n<div class=\"wp-block-stackable-text stk-block-text stk-block stk-3b1cfe5\" data-block-id=\"3b1cfe5\">\n<p class=\"stk-block-text__text has-text-color has-text-align-justify\">Para el ejercicio de cualquiera de los derechos ARCO, debe enviar una petici\u00f3n v\u00eda correo electr\u00f3nico a administracion@latpgadvisors.com y deber\u00e1 contener:<\/p>\n<p>\u00a0<\/p>\n<\/div>\n<div class=\"wp-block-stackable-icon-list stk-block-icon-list has-text-color stk-block stk-b0ccdac\" data-block-id=\"b0ccdac\">\n<ul class=\"stk-block-icon-list__ul stk-block-icon-list--column\">\n<li class=\"wp-block-stackable-icon-list-item stk-block-icon-list-item stk-block stk-0d14eed\" data-block-id=\"0d14eed\">\n<div class=\"stk-block-icon-list-item__content\">\n<div class=\"stk--inner-svg\">Nombre completo del titular.<\/div>\n<\/div>\n<\/li>\n<\/ul>\n<\/div>\n<div class=\"wp-block-stackable-icon-list stk-block-icon-list stk-block stk-6676461\" data-block-id=\"6676461\">\n<ul class=\"stk-block-icon-list__ul stk-block-icon-list--column\">\n<li class=\"wp-block-stackable-icon-list-item stk-block-icon-list-item stk-block stk-0ed133f\" data-block-id=\"0ed133f\">\n<div class=\"stk-block-icon-list-item__content\">\n<div class=\"stk--inner-svg\">Domicilio.<\/div>\n<\/div>\n<\/li>\n<\/ul>\n<\/div>\n<div class=\"wp-block-stackable-icon-list stk-block-icon-list has-text-color stk-block stk-24181a1\" data-block-id=\"24181a1\">\n<ul class=\"stk-block-icon-list__ul stk-block-icon-list--column\">\n<li class=\"wp-block-stackable-icon-list-item stk-block-icon-list-item stk-block stk-40a8fcd\" data-block-id=\"40a8fcd\">\n<div class=\"stk-block-icon-list-item__content\">\n<div class=\"stk--inner-svg\">Tel\u00e9fono.<\/div>\n<\/div>\n<\/li>\n<\/ul>\n<\/div>\n<div class=\"wp-block-stackable-icon-list stk-block-icon-list has-text-color stk-block stk-5fb4952\" data-block-id=\"5fb4952\">\n<ul class=\"stk-block-icon-list__ul stk-block-icon-list--column\">\n<li class=\"wp-block-stackable-icon-list-item stk-block-icon-list-item stk-block stk-2a2c235\" data-block-id=\"2a2c235\">\n<div class=\"stk-block-icon-list-item__content\">\n<div class=\"stk--inner-svg\">Correo electr\u00f3nico usado en este sitio web.<\/div>\n<\/div>\n<\/li>\n<\/ul>\n<\/div>\n<div class=\"wp-block-stackable-icon-list stk-block-icon-list stk-block stk-a8d65c6\" data-block-id=\"a8d65c6\">\n<ul class=\"stk-block-icon-list__ul stk-block-icon-list--column\">\n<li class=\"wp-block-stackable-icon-list-item stk-block-icon-list-item stk-block stk-56ad667\" data-block-id=\"56ad667\">\n<div class=\"stk-block-icon-list-item__content\">\n<div class=\"stk--inner-svg\">Copia de una identificaci\u00f3n oficial adjunta.<\/div>\n<\/div>\n<\/li>\n<\/ul>\n<\/div>\n<div class=\"wp-block-stackable-icon-list stk-block-icon-list stk-block stk-69a0084\" data-block-id=\"69a0084\">\n<div class=\"stk-block-icon-list-item__content\">\n<ul>\n<li class=\"stk--inner-svg\">Asunto \u00abDerechos ARCO\u00bb.<\/li>\n<li class=\"stk--inner-svg\">Descripci\u00f3n del objeto del escrito, los cuales pueden ser de manera enunciativa m\u00e1s no limitativa los siguientes: Revocaci\u00f3n del consentimiento para tratar sus datos personales; y\/o Notificaci\u00f3n del uso indebido del tratamiento de sus datos personales; y\/o Ejercitar sus Derechos ARCO, con una descripci\u00f3n clara y precisa de los datos a Acceder, Rectificar, Cancelar o bien, Oponerse. En caso de Rectificaci\u00f3n de datos personales, deber\u00e1 indicar la modificaci\u00f3n exacta y anexar la documentaci\u00f3n soporte; es importante en caso de revocaci\u00f3n del consentimiento, que tenga en cuenta que no en todos los casos podremos atender su solicitud o concluir el uso de forma inmediata, ya que es posible que por alguna obligaci\u00f3n legal se requiera seguir tratando sus datos personales. Asimismo, usted deber\u00e1 considerar que para ciertos fines, la revocaci\u00f3n de su consentimiento implica que no le podamos seguir prestando el servicio que nos solicit\u00f3, o la conclusi\u00f3n de su relaci\u00f3n con nosotros.<\/li>\n<\/ul>\n<\/div>\n<\/div>\n<div class=\"wp-block-stackable-text stk-block-text stk-block stk-daf5890\" data-block-id=\"daf5890\">\n<p class=\"stk-block-text__text has-text-color has-text-align-justify\"><strong>\u00bfEn cu\u00e1ntos d\u00edas le daremos respuesta a su solicitud?<\/strong><\/p>\n<\/div>\n<div class=\"wp-block-stackable-text stk-block-text stk-block stk-63a203e\" data-block-id=\"63a203e\">\n<p>\u00a0<\/p>\n<p class=\"stk-block-text__text has-text-color\">15 d\u00edas h\u00e1biles, sin embargo, trataremos de atender lo m\u00e1s pronto posible su solicitud.<\/p>\n<p>\u00a0<\/p>\n<\/div>\n<div class=\"wp-block-stackable-text stk-block-text stk-block stk-8a48c78\" data-block-id=\"8a48c78\">\n<p class=\"stk-block-text__text has-text-color has-text-align-justify\"><strong>\u00bfPor qu\u00e9 medio le comunicaremos la respuesta a su solicitud?<\/strong><\/p>\n<\/div>\n<div class=\"wp-block-stackable-text stk-block-text stk-block stk-098f7df\" data-block-id=\"098f7df\">\n<p>\u00a0<\/p>\n<p class=\"stk-block-text__text has-text-color has-text-align-justify\">Al mismo correo electr\u00f3nico de donde se envi\u00f3 la petici\u00f3n.<\/p>\n<p>\u00a0<\/p>\n<\/div>\n<div class=\"wp-block-stackable-text stk-block-text stk-block stk-5d45ad2\" data-block-id=\"5d45ad2\">\n<p class=\"stk-block-text__text has-text-color has-text-align-justify\"><strong>El uso de tecnolog\u00edas de rastreo en nuestro portal de internet<\/strong><\/p>\n<p>\u00a0<\/p>\n<\/div>\n<div class=\"wp-block-stackable-text stk-block-text stk-block stk-db67005\" data-block-id=\"db67005\">\n<p class=\"stk-block-text__text has-text-color has-text-align-justify\">Le informamos que en nuestra p\u00e1gina de internet utilizamos cookies, web beacons u otras tecnolog\u00edas, a trav\u00e9s de las cuales es posible monitorear su comportamiento como usuario de internet, as\u00ed como brindarle un mejor servicio y experiencia al navegar en nuestra p\u00e1gina. Los datos personales que obtenemos de estas tecnolog\u00edas de rastreo son los siguientes:Identificadores, nombre de usuario y contrase\u00f1as de sesi\u00f3n.<\/p>\n<p>\u00a0<\/p>\n<\/div>\n<div class=\"wp-block-stackable-text stk-block-text stk-block stk-fca6e10\" data-block-id=\"fca6e10\">\n<p class=\"stk-block-text__text has-text-color has-text-align-justify\">Estas cookies, web beacons y otras tecnolog\u00edas pueden ser deshabilitadas. Para conocer c\u00f3mo hacerlo, consulte el men\u00fa de ayuda de su navegador. Tenga en cuenta que, en caso de desactivar las cookies, es posible que no pueda acceder a ciertas funciones personalizadas en nuestro sitio web.<\/p>\n<p>\u00a0<\/p>\n<\/div>\n<div class=\"wp-block-stackable-text stk-block-text stk-block stk-bb99624\" data-block-id=\"bb99624\">\n<p class=\"stk-block-text__text has-text-color has-text-align-justify\"><strong>\u00bfC\u00f3mo puede conocer los cambios en este aviso de privacidad?<\/strong><\/p>\n<p>\u00a0<\/p>\n<\/div>\n<div class=\"wp-block-stackable-text stk-block-text stk-block stk-1333eb4\" data-block-id=\"1333eb4\">\n<p class=\"stk-block-text__text has-text-color has-text-align-justify\">El presente aviso de privacidad puede sufrir modificaciones, cambios o actualizaciones derivadas de nuevos requerimientos legales; de nuestras propias necesidades por los \u00a0servicios que ofrecemos; de nuestras pr\u00e1cticas de privacidad; de cambios en nuestra estructura, o por otras causas. Nos comprometemos a mantener actualizado este aviso de privacidad sobre los cambios que pueda sufrir y siempre podr\u00e1 consultar las actualizaciones que existan en el sitio web\u00a0<a href=\"http:\/\/www.latpg.latpgadvisors.com\/\">www.latpg.latpgadvisors.com<\/a>.<\/p>\n<\/div>\n<div class=\"wp-block-stackable-text stk-block-text stk-block stk-ba4045c\" data-block-id=\"ba4045c\">\n<p>\u00a0<\/p>\n<p class=\"stk-block-text__text has-text-color has-text-align-right\"><strong>\u00daltima actualizaci\u00f3n de este aviso de privacidad: 15\/12\/2024<\/strong><\/p>\n<\/div>\t\t\t\t\t\t<\/div>\n\t\t\t\t<\/div>\n\t\t\t\t\t<\/div>\n\t\t\t\t<\/div>\n\t\t\t\t\t\t\t<\/div>\n\t\t","protected":false},"excerpt":{"rendered":"<p>Aviso de Privacidad LATPG, S.C. es una firma con un portal de internet www.latpg.latpgadvisors.com, por lo cual nos comprometemos a ser responsables del uso y protecci\u00f3n de sus datos personales que se refieren en este aviso de privacidad, los cuales ser\u00e1n protegidos en cumplimiento a la legislaci\u00f3n aplicable y al respecto le informamos lo siguiente: [&hellip;]<\/p>\n","protected":false},"author":1,"featured_media":0,"parent":0,"menu_order":0,"comment_status":"closed","ping_status":"open","template":"","meta":{"om_disable_all_campaigns":false,"_monsterinsights_skip_tracking":false,"_monsterinsights_sitenote_active":false,"_monsterinsights_sitenote_note":"","_monsterinsights_sitenote_category":0,"footnotes":""},"class_list":["post-3","page","type-page","status-publish","hentry"],"aioseo_notices":[],"_links":{"self":[{"href":"https:\/\/latpgadvisors.com\/index.php\/wp-json\/wp\/v2\/pages\/3","targetHints":{"allow":["GET"]}}],"collection":[{"href":"https:\/\/latpgadvisors.com\/index.php\/wp-json\/wp\/v2\/pages"}],"about":[{"href":"https:\/\/latpgadvisors.com\/index.php\/wp-json\/wp\/v2\/types\/page"}],"author":[{"embeddable":true,"href":"https:\/\/latpgadvisors.com\/index.php\/wp-json\/wp\/v2\/users\/1"}],"replies":[{"embeddable":true,"href":"https:\/\/latpgadvisors.com\/index.php\/wp-json\/wp\/v2\/comments?post=3"}],"version-history":[{"count":6,"href":"https:\/\/latpgadvisors.com\/index.php\/wp-json\/wp\/v2\/pages\/3\/revisions"}],"predecessor-version":[{"id":1041,"href":"https:\/\/latpgadvisors.com\/index.php\/wp-json\/wp\/v2\/pages\/3\/revisions\/1041"}],"wp:attachment":[{"href":"https:\/\/latpgadvisors.com\/index.php\/wp-json\/wp\/v2\/media?parent=3"}],"curies":[{"name":"wp","href":"https:\/\/api.w.org\/{rel}","templated":true}]}}